{"id":30067,"date":"2020-12-03T14:10:52","date_gmt":"2020-12-03T13:10:52","guid":{"rendered":"https:\/\/dade-design.com\/?post_type=product&#038;p=30067"},"modified":"2020-12-04T20:36:21","modified_gmt":"2020-12-04T19:36:21","slug":"kivo-140-baldachin-mit-betriebsgeraet-dimmbar","status":"publish","type":"product","link":"https:\/\/dade-design.com\/en\/product\/kivo-140-baldachin-mit-betriebsgeraet-dimmbar\/","title":{"rendered":"KIVO 140 Baldachin mit Betriebsger\u00e4t dimmbar"},"content":{"rendered":"<div class=\"grouped-product__table\">\n<p>KIVO ist eine zeitlose, stimmungsvolle Leuchte f\u00fcr den Wohn\u00ad-und Objektbereich mit einzigartiger Optik. Mit verschiedenen Blenden passt sich die Leuchte dem Interior an und strahlt eine pers\u00f6nliche Note aus. Die exzellente Lichtqualit\u00e4t und die optimale Lichtverteilung setzten den Raum in Szene und bieten hohen Sehkomfort.<\/p>\n<p>Design: RIBAG Design Studio<\/p>\n<ul>\n<li>Montage: Zur Montage an Decke<\/li>\n<li>Betriebsger\u00e4t: EVG 230 V\/50 Hz<\/li>\n<li>Farbe: Schwarz RAl 9005<\/li>\n<li>Dimmbar via DALI\/TouchDim\n<div><span class=\"apple-converted-space\">\u00a0<\/span><\/div>\n<\/li>\n<\/ul>\n<div class=\"grouped-product__table\">\n<p>Versandkosten:\u00a0<a href=\"https:\/\/dade-design.com\/zahlung-und-lieferung\/\">Versandklasse 1<\/a><\/p>\n<p>Design: RIBAG<br \/>\nArt. Nr: 4111.120.01.2 D<\/p>\n<\/div>\n<\/div>\n","protected":false},"excerpt":{"rendered":"<p>Die <strong>KIVO<\/strong> Pendel- und Deckenleuchten mit einem Durchmesser von 140 mm bestechen mit hoher Lichtqualit\u00e4t in jedem Kontext. Das klare Design der Leuchte eignet sie sich optimal als Einzelleuchte im Wohn- und Objektbereich.<\/p>\n<ul>\n<li>Hochwertige Glaslinse<\/li>\n<li>Gleichm\u00e4ssige Lichtverteilung<\/li>\n<li>Perfekte Entblendung<\/li>\n<li>Einfach austauschbare Blenden (Magnethaftung)<\/li>\n<li>H\u00f6chste Lichtqualit\u00e4t<\/li>\n<\/ul>\n","protected":false},"featured_media":30231,"comment_status":"closed","ping_status":"closed","template":"","meta":{"_acf_changed":false},"product_brand":[],"product_cat":[570,552],"product_tag":[802],"class_list":{"0":"post-30067","1":"product","2":"type-product","3":"status-publish","4":"has-post-thumbnail","6":"product_cat-leuchten-en","7":"product_cat-moebel-en","8":"product_tag-kivo-140-baldachin-en","9":"product_shipping_class-frei-haus","11":"first","12":"outofstock","13":"taxable","14":"shipping-taxable","15":"purchasable","16":"product-type-simple"},"acf":[],"yoast_head":"<!-- This site is optimized with the Yoast SEO plugin v27.3 - https:\/\/yoast.com\/product\/yoast-seo-wordpress\/ -->\n<title>Betonleuchte KIVO 140 Baldachin mit Betriebsger\u00e4t dimmbar | dade design<\/title>\n<meta name=\"description\" content=\"Die KIVO Pendel- und Deckenleuchten mit einem Durchmesser von 140 mm bestechen mit hoher Lichtqualit\u00e4t in jedem Kontext. Das klare Design der Leuchte eignet sie sich optimal als Einzelleuchte im Wohn- und Objektbereich.  Hochwertige Glaslinse Gleichm\u00e4ssige Lichtverteilung Perfekte Entblendung Einfach austauschbare Blenden (Magnethaftung) H\u00f6chste Lichtqualit\u00e4t\" \/>\n<meta name=\"robots\" content=\"index, follow, max-snippet:-1, max-image-preview:large, max-video-preview:-1\" \/>\n<link rel=\"canonical\" href=\"https:\/\/dade-design.com\/en\/product\/kivo-140-baldachin-mit-betriebsgeraet-dimmbar\/\" \/>\n<meta property=\"og:locale\" content=\"en_US\" \/>\n<meta property=\"og:type\" content=\"article\" \/>\n<meta property=\"og:title\" content=\"Betonleuchte KIVO 140 Baldachin mit Betriebsger\u00e4t dimmbar | dade design\" \/>\n<meta property=\"og:description\" content=\"Die KIVO Pendel- und Deckenleuchten mit einem Durchmesser von 140 mm bestechen mit hoher Lichtqualit\u00e4t in jedem Kontext. Das klare Design der Leuchte eignet sie sich optimal als Einzelleuchte im Wohn- und Objektbereich.  Hochwertige Glaslinse Gleichm\u00e4ssige Lichtverteilung Perfekte Entblendung Einfach austauschbare Blenden (Magnethaftung) H\u00f6chste Lichtqualit\u00e4t\" \/>\n<meta property=\"og:url\" content=\"https:\/\/dade-design.com\/en\/product\/kivo-140-baldachin-mit-betriebsgeraet-dimmbar\/\" \/>\n<meta property=\"og:site_name\" content=\"dade design \u2013 concrete works. Concrete kitchens and Concrete sinks made in Switzerland\" \/>\n<meta property=\"article:publisher\" content=\"https:\/\/www.facebook.com\/concrete.works.dadedesign\/\" \/>\n<meta property=\"article:modified_time\" content=\"2020-12-04T19:36:21+00:00\" \/>\n<meta property=\"og:image\" content=\"https:\/\/dade-design.com\/wp-content\/uploads\/RIBAG-KIVO-Baldachin-schwarz-140.jpg\" \/>\n\t<meta property=\"og:image:width\" content=\"520\" \/>\n\t<meta property=\"og:image:height\" content=\"520\" \/>\n\t<meta property=\"og:image:type\" content=\"image\/jpeg\" \/>\n<meta name=\"twitter:card\" content=\"summary_large_image\" \/>\n<meta name=\"twitter:site\" content=\"@dade_design\" \/>\n<script type=\"application\/ld+json\" class=\"yoast-schema-graph\">{\"@context\":\"https:\\\/\\\/schema.org\",\"@graph\":[{\"@type\":\"WebPage\",\"@id\":\"https:\\\/\\\/dade-design.com\\\/en\\\/product\\\/kivo-140-baldachin-mit-betriebsgeraet-dimmbar\\\/\",\"url\":\"https:\\\/\\\/dade-design.com\\\/en\\\/product\\\/kivo-140-baldachin-mit-betriebsgeraet-dimmbar\\\/\",\"name\":\"Betonleuchte KIVO 140 Baldachin mit Betriebsger\u00e4t dimmbar | dade design\",\"isPartOf\":{\"@id\":\"https:\\\/\\\/dade-design.com\\\/#website\"},\"primaryImageOfPage\":{\"@id\":\"https:\\\/\\\/dade-design.com\\\/en\\\/product\\\/kivo-140-baldachin-mit-betriebsgeraet-dimmbar\\\/#primaryimage\"},\"image\":{\"@id\":\"https:\\\/\\\/dade-design.com\\\/en\\\/product\\\/kivo-140-baldachin-mit-betriebsgeraet-dimmbar\\\/#primaryimage\"},\"thumbnailUrl\":\"https:\\\/\\\/dade-design.com\\\/wp-content\\\/uploads\\\/RIBAG-KIVO-Baldachin-schwarz-140.jpg\",\"datePublished\":\"2020-12-03T13:10:52+00:00\",\"dateModified\":\"2020-12-04T19:36:21+00:00\",\"description\":\"Die KIVO Pendel- und Deckenleuchten mit einem Durchmesser von 140 mm bestechen mit hoher Lichtqualit\u00e4t in jedem Kontext. Das klare Design der Leuchte eignet sie sich optimal als Einzelleuchte im Wohn- und Objektbereich. Hochwertige Glaslinse Gleichm\u00e4ssige Lichtverteilung Perfekte Entblendung Einfach austauschbare Blenden (Magnethaftung) H\u00f6chste Lichtqualit\u00e4t\",\"breadcrumb\":{\"@id\":\"https:\\\/\\\/dade-design.com\\\/en\\\/product\\\/kivo-140-baldachin-mit-betriebsgeraet-dimmbar\\\/#breadcrumb\"},\"inLanguage\":\"en-US\",\"potentialAction\":[{\"@type\":\"ReadAction\",\"target\":[\"https:\\\/\\\/dade-design.com\\\/en\\\/product\\\/kivo-140-baldachin-mit-betriebsgeraet-dimmbar\\\/\"]}]},{\"@type\":\"ImageObject\",\"inLanguage\":\"en-US\",\"@id\":\"https:\\\/\\\/dade-design.com\\\/en\\\/product\\\/kivo-140-baldachin-mit-betriebsgeraet-dimmbar\\\/#primaryimage\",\"url\":\"https:\\\/\\\/dade-design.com\\\/wp-content\\\/uploads\\\/RIBAG-KIVO-Baldachin-schwarz-140.jpg\",\"contentUrl\":\"https:\\\/\\\/dade-design.com\\\/wp-content\\\/uploads\\\/RIBAG-KIVO-Baldachin-schwarz-140.jpg\",\"width\":520,\"height\":520,\"caption\":\"KIVO Baldachin schwarz 140\"},{\"@type\":\"BreadcrumbList\",\"@id\":\"https:\\\/\\\/dade-design.com\\\/en\\\/product\\\/kivo-140-baldachin-mit-betriebsgeraet-dimmbar\\\/#breadcrumb\",\"itemListElement\":[{\"@type\":\"ListItem\",\"position\":1,\"name\":\"Startseite\",\"item\":\"https:\\\/\\\/dade-design.com\\\/\"},{\"@type\":\"ListItem\",\"position\":2,\"name\":\"Shop-Startseite\",\"item\":\"https:\\\/\\\/dade-design.com\\\/shop-startseite\\\/\"},{\"@type\":\"ListItem\",\"position\":3,\"name\":\"KIVO 140 Baldachin mit Betriebsger\u00e4t dimmbar\"}]},{\"@type\":\"WebSite\",\"@id\":\"https:\\\/\\\/dade-design.com\\\/#website\",\"url\":\"https:\\\/\\\/dade-design.com\\\/\",\"name\":\"dade design \u2013 concrete works. Concrete kitchens and Concrete sinks made in Switzerland\",\"description\":\"Concrete kitchens and Concrete sinks by dade design\",\"potentialAction\":[{\"@type\":\"SearchAction\",\"target\":{\"@type\":\"EntryPoint\",\"urlTemplate\":\"https:\\\/\\\/dade-design.com\\\/?s={search_term_string}\"},\"query-input\":{\"@type\":\"PropertyValueSpecification\",\"valueRequired\":true,\"valueName\":\"search_term_string\"}}],\"inLanguage\":\"en-US\"}]}<\/script>\n<!-- \/ Yoast SEO plugin. -->","yoast_head_json":{"title":"Betonleuchte KIVO 140 Baldachin mit Betriebsger\u00e4t dimmbar | dade design","description":"Die KIVO Pendel- und Deckenleuchten mit einem Durchmesser von 140 mm bestechen mit hoher Lichtqualit\u00e4t in jedem Kontext. Das klare Design der Leuchte eignet sie sich optimal als Einzelleuchte im Wohn- und Objektbereich.  Hochwertige Glaslinse Gleichm\u00e4ssige Lichtverteilung Perfekte Entblendung Einfach austauschbare Blenden (Magnethaftung) H\u00f6chste Lichtqualit\u00e4t","robots":{"index":"index","follow":"follow","max-snippet":"max-snippet:-1","max-image-preview":"max-image-preview:large","max-video-preview":"max-video-preview:-1"},"canonical":"https:\/\/dade-design.com\/en\/product\/kivo-140-baldachin-mit-betriebsgeraet-dimmbar\/","og_locale":"en_US","og_type":"article","og_title":"Betonleuchte KIVO 140 Baldachin mit Betriebsger\u00e4t dimmbar | dade design","og_description":"Die KIVO Pendel- und Deckenleuchten mit einem Durchmesser von 140 mm bestechen mit hoher Lichtqualit\u00e4t in jedem Kontext. Das klare Design der Leuchte eignet sie sich optimal als Einzelleuchte im Wohn- und Objektbereich.  Hochwertige Glaslinse Gleichm\u00e4ssige Lichtverteilung Perfekte Entblendung Einfach austauschbare Blenden (Magnethaftung) H\u00f6chste Lichtqualit\u00e4t","og_url":"https:\/\/dade-design.com\/en\/product\/kivo-140-baldachin-mit-betriebsgeraet-dimmbar\/","og_site_name":"dade design \u2013 concrete works. Concrete kitchens and Concrete sinks made in Switzerland","article_publisher":"https:\/\/www.facebook.com\/concrete.works.dadedesign\/","article_modified_time":"2020-12-04T19:36:21+00:00","og_image":[{"width":520,"height":520,"url":"https:\/\/dade-design.com\/wp-content\/uploads\/RIBAG-KIVO-Baldachin-schwarz-140.jpg","type":"image\/jpeg"}],"twitter_card":"summary_large_image","twitter_site":"@dade_design","schema":{"@context":"https:\/\/schema.org","@graph":[{"@type":"WebPage","@id":"https:\/\/dade-design.com\/en\/product\/kivo-140-baldachin-mit-betriebsgeraet-dimmbar\/","url":"https:\/\/dade-design.com\/en\/product\/kivo-140-baldachin-mit-betriebsgeraet-dimmbar\/","name":"Betonleuchte KIVO 140 Baldachin mit Betriebsger\u00e4t dimmbar | dade design","isPartOf":{"@id":"https:\/\/dade-design.com\/#website"},"primaryImageOfPage":{"@id":"https:\/\/dade-design.com\/en\/product\/kivo-140-baldachin-mit-betriebsgeraet-dimmbar\/#primaryimage"},"image":{"@id":"https:\/\/dade-design.com\/en\/product\/kivo-140-baldachin-mit-betriebsgeraet-dimmbar\/#primaryimage"},"thumbnailUrl":"https:\/\/dade-design.com\/wp-content\/uploads\/RIBAG-KIVO-Baldachin-schwarz-140.jpg","datePublished":"2020-12-03T13:10:52+00:00","dateModified":"2020-12-04T19:36:21+00:00","description":"Die KIVO Pendel- und Deckenleuchten mit einem Durchmesser von 140 mm bestechen mit hoher Lichtqualit\u00e4t in jedem Kontext. Das klare Design der Leuchte eignet sie sich optimal als Einzelleuchte im Wohn- und Objektbereich. Hochwertige Glaslinse Gleichm\u00e4ssige Lichtverteilung Perfekte Entblendung Einfach austauschbare Blenden (Magnethaftung) H\u00f6chste Lichtqualit\u00e4t","breadcrumb":{"@id":"https:\/\/dade-design.com\/en\/product\/kivo-140-baldachin-mit-betriebsgeraet-dimmbar\/#breadcrumb"},"inLanguage":"en-US","potentialAction":[{"@type":"ReadAction","target":["https:\/\/dade-design.com\/en\/product\/kivo-140-baldachin-mit-betriebsgeraet-dimmbar\/"]}]},{"@type":"ImageObject","inLanguage":"en-US","@id":"https:\/\/dade-design.com\/en\/product\/kivo-140-baldachin-mit-betriebsgeraet-dimmbar\/#primaryimage","url":"https:\/\/dade-design.com\/wp-content\/uploads\/RIBAG-KIVO-Baldachin-schwarz-140.jpg","contentUrl":"https:\/\/dade-design.com\/wp-content\/uploads\/RIBAG-KIVO-Baldachin-schwarz-140.jpg","width":520,"height":520,"caption":"KIVO Baldachin schwarz 140"},{"@type":"BreadcrumbList","@id":"https:\/\/dade-design.com\/en\/product\/kivo-140-baldachin-mit-betriebsgeraet-dimmbar\/#breadcrumb","itemListElement":[{"@type":"ListItem","position":1,"name":"Startseite","item":"https:\/\/dade-design.com\/"},{"@type":"ListItem","position":2,"name":"Shop-Startseite","item":"https:\/\/dade-design.com\/shop-startseite\/"},{"@type":"ListItem","position":3,"name":"KIVO 140 Baldachin mit Betriebsger\u00e4t dimmbar"}]},{"@type":"WebSite","@id":"https:\/\/dade-design.com\/#website","url":"https:\/\/dade-design.com\/","name":"dade design \u2013 concrete works. Concrete kitchens and Concrete sinks made in Switzerland","description":"Concrete kitchens and Concrete sinks by dade design","potentialAction":[{"@type":"SearchAction","target":{"@type":"EntryPoint","urlTemplate":"https:\/\/dade-design.com\/?s={search_term_string}"},"query-input":{"@type":"PropertyValueSpecification","valueRequired":true,"valueName":"search_term_string"}}],"inLanguage":"en-US"}]}},"_links":{"self":[{"href":"https:\/\/dade-design.com\/en\/wp-json\/wp\/v2\/product\/30067","targetHints":{"allow":["GET"]}}],"collection":[{"href":"https:\/\/dade-design.com\/en\/wp-json\/wp\/v2\/product"}],"about":[{"href":"https:\/\/dade-design.com\/en\/wp-json\/wp\/v2\/types\/product"}],"replies":[{"embeddable":true,"href":"https:\/\/dade-design.com\/en\/wp-json\/wp\/v2\/comments?post=30067"}],"wp:featuredmedia":[{"embeddable":true,"href":"https:\/\/dade-design.com\/en\/wp-json\/wp\/v2\/media\/30231"}],"wp:attachment":[{"href":"https:\/\/dade-design.com\/en\/wp-json\/wp\/v2\/media?parent=30067"}],"wp:term":[{"taxonomy":"product_brand","embeddable":true,"href":"https:\/\/dade-design.com\/en\/wp-json\/wp\/v2\/product_brand?post=30067"},{"taxonomy":"product_cat","embeddable":true,"href":"https:\/\/dade-design.com\/en\/wp-json\/wp\/v2\/product_cat?post=30067"},{"taxonomy":"product_tag","embeddable":true,"href":"https:\/\/dade-design.com\/en\/wp-json\/wp\/v2\/product_tag?post=30067"}],"curies":[{"name":"wp","href":"https:\/\/api.w.org\/{rel}","templated":true}]}}